{"id":1374,"date":"2023-07-07T15:17:12","date_gmt":"2023-07-07T13:17:12","guid":{"rendered":"https:\/\/heeptec.com\/?page_id=1374"},"modified":"2024-12-30T19:02:59","modified_gmt":"2024-12-30T18:02:59","slug":"unternehmen","status":"publish","type":"page","link":"https:\/\/heeptec.com\/en\/unternehmen\/","title":{"rendered":"Company"},"content":{"rendered":"\t\t<div data-elementor-type=\"wp-page\" data-elementor-id=\"1374\" class=\"elementor elementor-1374\" data-elementor-post-type=\"page\">\n\t\t\t\t\t\t<section class=\"elementor-section elementor-top-section elementor-element elementor-element-4b60d42 elementor-section-full_width elementor-section-height-min-height elementor-hidden-mobile elementor-section-height-default elementor-section-items-middle\" data-id=\"4b60d42\" data-element_type=\"section\" data-e-type=\"section\" data-settings=\"{&quot;background_background&quot;:&quot;classic&quot;}\">\n\t\t\t\t\t\t<div class=\"elementor-container elementor-column-gap-default\">\n\t\t\t\t\t<div class=\"elementor-column elementor-col-100 elementor-top-column elementor-element elementor-element-2642fbf\" data-id=\"2642fbf\" data-element_type=\"column\" data-e-type=\"column\">\n\t\t\t<div class=\"elementor-widget-wrap elementor-element-populated\">\n\t\t\t\t\t\t<div class=\"elementor-element elementor-element-db55f07 elementor-widget elementor-widget-heading\" data-id=\"db55f07\" data-element_type=\"widget\" data-e-type=\"widget\" data-settings=\"{&quot;motion_fx_motion_fx_scrolling&quot;:&quot;yes&quot;,&quot;motion_fx_translateY_effect&quot;:&quot;yes&quot;,&quot;motion_fx_translateY_speed&quot;:{&quot;unit&quot;:&quot;px&quot;,&quot;size&quot;:4,&quot;sizes&quot;:[]},&quot;motion_fx_translateY_affectedRange&quot;:{&quot;unit&quot;:&quot;%&quot;,&quot;size&quot;:&quot;&quot;,&quot;sizes&quot;:{&quot;start&quot;:0,&quot;end&quot;:100}},&quot;motion_fx_devices&quot;:[&quot;desktop&quot;,&quot;tablet&quot;,&quot;mobile&quot;]}\" data-widget_type=\"heading.default\">\n\t\t\t\t<div class=\"elementor-widget-container\">\n\t\t\t\t\t<h1 class=\"elementor-heading-title elementor-size-default\">Maximale<br> Performance<br>\n&amp; spezifisches <br> Know-how<\/h1>\t\t\t\t<\/div>\n\t\t\t\t<\/div>\n\t\t\t\t\t<\/div>\n\t\t<\/div>\n\t\t\t\t\t<\/div>\n\t\t<\/section>\n\t\t\t\t<section class=\"elementor-section elementor-top-section elementor-element elementor-element-e110209 elementor-section-full_width elementor-section-height-min-height elementor-hidden-desktop elementor-hidden-tablet elementor-section-height-default elementor-section-items-middle\" data-id=\"e110209\" data-element_type=\"section\" data-e-type=\"section\" data-settings=\"{&quot;background_background&quot;:&quot;classic&quot;}\">\n\t\t\t\t\t\t<div class=\"elementor-container elementor-column-gap-default\">\n\t\t\t\t\t<div class=\"elementor-column elementor-col-100 elementor-top-column elementor-element elementor-element-feedc66\" data-id=\"feedc66\" data-element_type=\"column\" data-e-type=\"column\">\n\t\t\t<div class=\"elementor-widget-wrap elementor-element-populated\">\n\t\t\t\t\t\t<div class=\"elementor-element elementor-element-18b24a0 elementor-widget elementor-widget-heading\" data-id=\"18b24a0\" data-element_type=\"widget\" data-e-type=\"widget\" data-settings=\"{&quot;motion_fx_motion_fx_scrolling&quot;:&quot;yes&quot;,&quot;motion_fx_translateY_effect&quot;:&quot;yes&quot;,&quot;motion_fx_translateY_speed&quot;:{&quot;unit&quot;:&quot;px&quot;,&quot;size&quot;:4,&quot;sizes&quot;:[]},&quot;motion_fx_translateY_affectedRange&quot;:{&quot;unit&quot;:&quot;%&quot;,&quot;size&quot;:&quot;&quot;,&quot;sizes&quot;:{&quot;start&quot;:0,&quot;end&quot;:100}},&quot;motion_fx_devices&quot;:[&quot;desktop&quot;,&quot;tablet&quot;,&quot;mobile&quot;]}\" data-widget_type=\"heading.default\">\n\t\t\t\t<div class=\"elementor-widget-container\">\n\t\t\t\t\t<h1 class=\"elementor-heading-title elementor-size-default\">Maximale<br> Performance<br>\n&amp; spezifisches <br> Know-how<\/h1>\t\t\t\t<\/div>\n\t\t\t\t<\/div>\n\t\t\t\t\t<\/div>\n\t\t<\/div>\n\t\t\t\t\t<\/div>\n\t\t<\/section>\n\t\t\t\t<section class=\"elementor-section elementor-top-section elementor-element elementor-element-a0725f9 elementor-hidden-mobile elementor-section-boxed elementor-section-height-default elementor-section-height-default\" data-id=\"a0725f9\" data-element_type=\"section\" data-e-type=\"section\">\n\t\t\t\t\t\t<div class=\"elementor-container elementor-column-gap-default\">\n\t\t\t\t\t<div class=\"elementor-column elementor-col-50 elementor-top-column elementor-element elementor-element-3e460e7\" data-id=\"3e460e7\" data-element_type=\"column\" data-e-type=\"column\">\n\t\t\t<div class=\"elementor-widget-wrap elementor-element-populated\">\n\t\t\t\t\t\t<div class=\"elementor-element elementor-element-6578a8b elementor-widget elementor-widget-menu-anchor\" data-id=\"6578a8b\" data-element_type=\"widget\" data-e-type=\"widget\" data-widget_type=\"menu-anchor.default\">\n\t\t\t\t<div class=\"elementor-widget-container\">\n\t\t\t\t\t\t\t<div class=\"elementor-menu-anchor\" id=\"werte\"><\/div>\n\t\t\t\t\t\t<\/div>\n\t\t\t\t<\/div>\n\t\t\t\t<div class=\"elementor-element elementor-element-53fe997 elementor-widget elementor-widget-heading\" data-id=\"53fe997\" data-element_type=\"widget\" data-e-type=\"widget\" data-widget_type=\"heading.default\">\n\t\t\t\t<div class=\"elementor-widget-container\">\n\t\t\t\t\t<h2 class=\"elementor-heading-title elementor-size-default\">unsere werte<\/h2>\t\t\t\t<\/div>\n\t\t\t\t<\/div>\n\t\t\t\t<div class=\"elementor-element elementor-element-e3ed526 elementor-hidden-tablet elementor-widget elementor-widget-text-editor\" data-id=\"e3ed526\" data-element_type=\"widget\" data-e-type=\"widget\" data-widget_type=\"text-editor.default\">\n\t\t\t\t<div class=\"elementor-widget-container\">\n\t\t\t\t\t\t\t\t\t<p>Es ist die pure Leidenschaft f\u00fcrs Fahren, das ewige Streben nach der perfekten Runde, die spannende Herausforderung des Wettbewerbs.<br \/>Das ist es, was Heep Technology fasziniert, inspiriert und motiviert. Das ist es, wof\u00fcr Heep Technology unerm\u00fcdlich Produkte und Services entwickelt, die maximale Performance, h\u00f6chsten Kundennutzen und ein bestm\u00f6gliches Fahrerlebnis bieten. Das ist es, weshalb Heep Technology Menschen f\u00fcr eine Kultur des sportlichen Fahrens begeistern will, auf und abseits der Rennstrecke, als Gegenbild zum Auto als reines Transportmittel.<br \/>Das ist es, wof\u00fcr Heep Technology steht.<\/p>\t\t\t\t\t\t\t\t<\/div>\n\t\t\t\t<\/div>\n\t\t\t\t<div class=\"elementor-element elementor-element-2b935c4 elementor-hidden-desktop elementor-hidden-mobile elementor-widget elementor-widget-text-editor\" data-id=\"2b935c4\" data-element_type=\"widget\" data-e-type=\"widget\" data-widget_type=\"text-editor.default\">\n\t\t\t\t<div class=\"elementor-widget-container\">\n\t\t\t\t\t\t\t\t\t<p>Es ist die pure Leidenschaft f\u00fcrs Fahren, das ewige Streben nach der perfekten Runde, die spannende Herausforderung des Wettbewerbs.<br \/>Das ist es, was Heep Technology fasziniert, inspiriert und motiviert.\u00a0Das ist es, wof\u00fcr Heep Technology unerm\u00fcdlich Produkte und Services entwickelt, die maximale Performance, h\u00f6chsten Kundennutzen und ein bestm\u00f6gliches Fahrerlebnis bieten.<\/p>\t\t\t\t\t\t\t\t<\/div>\n\t\t\t\t<\/div>\n\t\t\t\t\t<\/div>\n\t\t<\/div>\n\t\t\t\t<div class=\"elementor-column elementor-col-50 elementor-top-column elementor-element elementor-element-aa66ad3\" data-id=\"aa66ad3\" data-element_type=\"column\" data-e-type=\"column\">\n\t\t\t<div class=\"elementor-widget-wrap elementor-element-populated\">\n\t\t\t\t\t\t<div class=\"elementor-element elementor-element-ee0f9e4 elementor-hidden-desktop elementor-hidden-mobile elementor-widget elementor-widget-text-editor\" data-id=\"ee0f9e4\" data-element_type=\"widget\" data-e-type=\"widget\" data-widget_type=\"text-editor.default\">\n\t\t\t\t<div class=\"elementor-widget-container\">\n\t\t\t\t\t\t\t\t\t<p>Das ist es, weshalb Heep Technology Menschen f\u00fcr eine Kultur des sportlichen Fahrens begeistern will, auf und abseits der Rennstrecke, als Gegenbild zum Auto als reines Transportmittel.<br \/>Das ist es, wof\u00fcr Heep Technology steht.<\/p>\t\t\t\t\t\t\t\t<\/div>\n\t\t\t\t<\/div>\n\t\t\t\t<div class=\"elementor-element elementor-element-5b30c2f elementor-hidden-mobile elementor-widget elementor-widget-image\" data-id=\"5b30c2f\" data-element_type=\"widget\" data-e-type=\"widget\" data-widget_type=\"image.default\">\n\t\t\t\t<div class=\"elementor-widget-container\">\n\t\t\t\t\t\t\t\t\t\t\t\t\t\t\t<img fetchpriority=\"high\" decoding=\"async\" width=\"379\" height=\"297\" src=\"https:\/\/heeptec.com\/wp-content\/uploads\/2023\/09\/unternehmen_img_2.jpg\" class=\"attachment-large size-large wp-image-2375\" alt=\"\" srcset=\"https:\/\/heeptec.com\/wp-content\/uploads\/2023\/09\/unternehmen_img_2.jpg 379w, https:\/\/heeptec.com\/wp-content\/uploads\/2023\/09\/unternehmen_img_2-300x235.jpg 300w\" sizes=\"(max-width: 379px) 100vw, 379px\" \/>\t\t\t\t\t\t\t\t\t\t\t\t\t\t\t<\/div>\n\t\t\t\t<\/div>\n\t\t\t\t<div class=\"elementor-element elementor-element-e9d3125 elementor-hidden-mobile elementor-widget elementor-widget-image\" data-id=\"e9d3125\" data-element_type=\"widget\" data-e-type=\"widget\" data-widget_type=\"image.default\">\n\t\t\t\t<div class=\"elementor-widget-container\">\n\t\t\t\t\t\t\t\t\t\t\t\t\t\t\t<img decoding=\"async\" width=\"379\" height=\"379\" src=\"https:\/\/heeptec.com\/wp-content\/uploads\/2023\/09\/unternehmen_img_1.jpg\" class=\"attachment-large size-large wp-image-2374\" alt=\"\" srcset=\"https:\/\/heeptec.com\/wp-content\/uploads\/2023\/09\/unternehmen_img_1.jpg 379w, https:\/\/heeptec.com\/wp-content\/uploads\/2023\/09\/unternehmen_img_1-300x300.jpg 300w, https:\/\/heeptec.com\/wp-content\/uploads\/2023\/09\/unternehmen_img_1-150x150.jpg 150w, https:\/\/heeptec.com\/wp-content\/uploads\/2023\/09\/unternehmen_img_1-100x100.jpg 100w\" sizes=\"(max-width: 379px) 100vw, 379px\" \/>\t\t\t\t\t\t\t\t\t\t\t\t\t\t\t<\/div>\n\t\t\t\t<\/div>\n\t\t\t\t<div class=\"elementor-element elementor-element-5cabd5c elementor-hidden-mobile elementor-widget elementor-widget-image\" data-id=\"5cabd5c\" data-element_type=\"widget\" data-e-type=\"widget\" data-widget_type=\"image.default\">\n\t\t\t\t<div class=\"elementor-widget-container\">\n\t\t\t\t\t\t\t\t\t\t\t\t\t\t\t<img decoding=\"async\" width=\"379\" height=\"297\" src=\"https:\/\/heeptec.com\/wp-content\/uploads\/2023\/06\/logo_background.jpg\" class=\"attachment-large size-large wp-image-556\" alt=\"\" srcset=\"https:\/\/heeptec.com\/wp-content\/uploads\/2023\/06\/logo_background.jpg 379w, https:\/\/heeptec.com\/wp-content\/uploads\/2023\/06\/logo_background-300x235.jpg 300w\" sizes=\"(max-width: 379px) 100vw, 379px\" \/>\t\t\t\t\t\t\t\t\t\t\t\t\t\t\t<\/div>\n\t\t\t\t<\/div>\n\t\t\t\t\t<\/div>\n\t\t<\/div>\n\t\t\t\t\t<\/div>\n\t\t<\/section>\n\t\t\t\t<section class=\"elementor-section elementor-top-section elementor-element elementor-element-526bddb elementor-hidden-desktop elementor-hidden-tablet elementor-section-boxed elementor-section-height-default elementor-section-height-default\" data-id=\"526bddb\" data-element_type=\"section\" data-e-type=\"section\">\n\t\t\t\t\t\t<div class=\"elementor-container elementor-column-gap-default\">\n\t\t\t\t\t<div class=\"elementor-column elementor-col-100 elementor-top-column elementor-element elementor-element-d38959b\" data-id=\"d38959b\" data-element_type=\"column\" data-e-type=\"column\">\n\t\t\t<div class=\"elementor-widget-wrap elementor-element-populated\">\n\t\t\t\t\t\t<div class=\"elementor-element elementor-element-eb67f8d elementor-widget elementor-widget-menu-anchor\" data-id=\"eb67f8d\" data-element_type=\"widget\" data-e-type=\"widget\" data-widget_type=\"menu-anchor.default\">\n\t\t\t\t<div class=\"elementor-widget-container\">\n\t\t\t\t\t\t\t<div class=\"elementor-menu-anchor\" id=\"werte\"><\/div>\n\t\t\t\t\t\t<\/div>\n\t\t\t\t<\/div>\n\t\t\t\t<div class=\"elementor-element elementor-element-3dbaf00 elementor-widget elementor-widget-heading\" data-id=\"3dbaf00\" data-element_type=\"widget\" data-e-type=\"widget\" data-widget_type=\"heading.default\">\n\t\t\t\t<div class=\"elementor-widget-container\">\n\t\t\t\t\t<h2 class=\"elementor-heading-title elementor-size-default\">unsere werte<\/h2>\t\t\t\t<\/div>\n\t\t\t\t<\/div>\n\t\t\t\t<div class=\"elementor-element elementor-element-5ff5a31 elementor-widget elementor-widget-text-editor\" data-id=\"5ff5a31\" data-element_type=\"widget\" data-e-type=\"widget\" data-widget_type=\"text-editor.default\">\n\t\t\t\t<div class=\"elementor-widget-container\">\n\t\t\t\t\t\t\t\t\t<p>Es ist die pure Leidenschaft f\u00fcrs Fahren, das ewige Streben nach der perfekten Runde, die spannende Herausforderung des Wettbewerbs.<br \/>Das ist es, was Heep Technology fasziniert, inspiriert und motiviert. Das ist es, wof\u00fcr Heep Technology unerm\u00fcdlich Produkte und Services entwickelt, die maximale Performance, h\u00f6chsten Kundennutzen und ein bestm\u00f6gliches Fahrerlebnis bieten. Das ist es, weshalb Heep Technology Menschen f\u00fcr eine Kultur des sportlichen Fahrens begeistern will, auf und abseits der Rennstrecke, als Gegenbild zum Auto als reines Transportmittel.<br \/>Das ist es, wof\u00fcr Heep Technology steht.<\/p>\t\t\t\t\t\t\t\t<\/div>\n\t\t\t\t<\/div>\n\t\t\t\t<div class=\"elementor-element elementor-element-2672b06 elementor-widget elementor-widget-image\" data-id=\"2672b06\" data-element_type=\"widget\" data-e-type=\"widget\" data-widget_type=\"image.default\">\n\t\t\t\t<div class=\"elementor-widget-container\">\n\t\t\t\t\t\t\t\t\t\t\t\t\t\t\t<img fetchpriority=\"high\" decoding=\"async\" width=\"379\" height=\"297\" src=\"https:\/\/heeptec.com\/wp-content\/uploads\/2023\/09\/unternehmen_img_2.jpg\" class=\"attachment-large size-large wp-image-2375\" alt=\"\" srcset=\"https:\/\/heeptec.com\/wp-content\/uploads\/2023\/09\/unternehmen_img_2.jpg 379w, https:\/\/heeptec.com\/wp-content\/uploads\/2023\/09\/unternehmen_img_2-300x235.jpg 300w\" sizes=\"(max-width: 379px) 100vw, 379px\" \/>\t\t\t\t\t\t\t\t\t\t\t\t\t\t\t<\/div>\n\t\t\t\t<\/div>\n\t\t\t\t\t<\/div>\n\t\t<\/div>\n\t\t\t\t\t<\/div>\n\t\t<\/section>\n\t\t\t\t<section class=\"elementor-section elementor-top-section elementor-element elementor-element-598e25b elementor-section-boxed elementor-section-height-default elementor-section-height-default\" data-id=\"598e25b\" data-element_type=\"section\" data-e-type=\"section\">\n\t\t\t\t\t\t<div class=\"elementor-container elementor-column-gap-default\">\n\t\t\t\t\t<div class=\"elementor-column elementor-col-100 elementor-top-column elementor-element elementor-element-e2d7512\" data-id=\"e2d7512\" data-element_type=\"column\" data-e-type=\"column\">\n\t\t\t<div class=\"elementor-widget-wrap elementor-element-populated\">\n\t\t\t\t\t\t<section class=\"elementor-section elementor-inner-section elementor-element elementor-element-6d11fff elementor-section-boxed elementor-section-height-default elementor-section-height-default\" data-id=\"6d11fff\" data-element_type=\"section\" data-e-type=\"section\" data-settings=\"{&quot;background_background&quot;:&quot;classic&quot;}\">\n\t\t\t\t\t\t<div class=\"elementor-container elementor-column-gap-default\">\n\t\t\t\t\t<div class=\"elementor-column elementor-col-50 elementor-inner-column elementor-element elementor-element-2c07137\" data-id=\"2c07137\" data-element_type=\"column\" data-e-type=\"column\">\n\t\t\t<div class=\"elementor-widget-wrap elementor-element-populated\">\n\t\t\t\t\t\t<div class=\"elementor-element elementor-element-216157d elementor-widget elementor-widget-menu-anchor\" data-id=\"216157d\" data-element_type=\"widget\" data-e-type=\"widget\" data-widget_type=\"menu-anchor.default\">\n\t\t\t\t<div class=\"elementor-widget-container\">\n\t\t\t\t\t\t\t<div class=\"elementor-menu-anchor\" id=\"ueber-uns\"><\/div>\n\t\t\t\t\t\t<\/div>\n\t\t\t\t<\/div>\n\t\t\t\t<div class=\"elementor-element elementor-element-0f82eaa elementor-widget elementor-widget-heading\" data-id=\"0f82eaa\" data-element_type=\"widget\" data-e-type=\"widget\" data-widget_type=\"heading.default\">\n\t\t\t\t<div class=\"elementor-widget-container\">\n\t\t\t\t\t<h2 class=\"elementor-heading-title elementor-size-default\">\u00fcber uns<\/h2>\t\t\t\t<\/div>\n\t\t\t\t<\/div>\n\t\t\t\t<div class=\"elementor-element elementor-element-d772080 elementor-widget elementor-widget-text-editor\" data-id=\"d772080\" data-element_type=\"widget\" data-e-type=\"widget\" data-widget_type=\"text-editor.default\">\n\t\t\t\t<div class=\"elementor-widget-container\">\n\t\t\t\t\t\t\t\t\t<p>Heep Technology ist ein Tech-StartUp aus Graz, \u00d6sterreich, rund um Gr\u00fcnder und Gesch\u00e4ftsf\u00fchrer Dipl.-Ing. Horst Emathinger. Das Unternehmen wurde 2022 gegr\u00fcndet und ist spezialisiert auf die Entwicklung von Komponenten und Systemen im Bereich Fahrzeugtechnik.<br \/><br \/>Gemeinsam mit ausgew\u00e4hlten Partnern versteht sich Heep Technology als \u201eExpertenteam\u201c, in dem das spezifische Know-How unterschiedlicher Wissensbereiche vereint wird. Durch diese enge Vernetzung k\u00f6nnen unseren Kunden Komplettl\u00f6sungen angeboten werden, die maximale Performance und h\u00f6chste Effektivit\u00e4t garantieren.<\/p>\t\t\t\t\t\t\t\t<\/div>\n\t\t\t\t<\/div>\n\t\t\t\t<div class=\"elementor-element elementor-element-f638095 elementor-hidden-desktop elementor-hidden-tablet elementor-widget elementor-widget-image\" data-id=\"f638095\" data-element_type=\"widget\" data-e-type=\"widget\" data-widget_type=\"image.default\">\n\t\t\t\t<div class=\"elementor-widget-container\">\n\t\t\t\t\t\t\t\t\t\t\t\t\t\t\t<img decoding=\"async\" width=\"379\" height=\"379\" src=\"https:\/\/heeptec.com\/wp-content\/uploads\/2023\/09\/unternehmen_img_1.jpg\" class=\"attachment-large size-large wp-image-2374\" alt=\"\" srcset=\"https:\/\/heeptec.com\/wp-content\/uploads\/2023\/09\/unternehmen_img_1.jpg 379w, https:\/\/heeptec.com\/wp-content\/uploads\/2023\/09\/unternehmen_img_1-300x300.jpg 300w, https:\/\/heeptec.com\/wp-content\/uploads\/2023\/09\/unternehmen_img_1-150x150.jpg 150w, https:\/\/heeptec.com\/wp-content\/uploads\/2023\/09\/unternehmen_img_1-100x100.jpg 100w\" sizes=\"(max-width: 379px) 100vw, 379px\" \/>\t\t\t\t\t\t\t\t\t\t\t\t\t\t\t<\/div>\n\t\t\t\t<\/div>\n\t\t\t\t<div class=\"elementor-element elementor-element-bb56d19 elementor-hidden-desktop elementor-hidden-tablet elementor-widget elementor-widget-image\" data-id=\"bb56d19\" data-element_type=\"widget\" data-e-type=\"widget\" data-widget_type=\"image.default\">\n\t\t\t\t<div class=\"elementor-widget-container\">\n\t\t\t\t\t\t\t\t\t\t\t\t\t\t\t<img decoding=\"async\" width=\"379\" height=\"297\" src=\"https:\/\/heeptec.com\/wp-content\/uploads\/2023\/06\/logo_background.jpg\" class=\"attachment-large size-large wp-image-556\" alt=\"\" srcset=\"https:\/\/heeptec.com\/wp-content\/uploads\/2023\/06\/logo_background.jpg 379w, https:\/\/heeptec.com\/wp-content\/uploads\/2023\/06\/logo_background-300x235.jpg 300w\" sizes=\"(max-width: 379px) 100vw, 379px\" \/>\t\t\t\t\t\t\t\t\t\t\t\t\t\t\t<\/div>\n\t\t\t\t<\/div>\n\t\t\t\t\t<\/div>\n\t\t<\/div>\n\t\t\t\t<div class=\"elementor-column elementor-col-50 elementor-inner-column elementor-element elementor-element-61ab87c elementor-hidden-mobile\" data-id=\"61ab87c\" data-element_type=\"column\" data-e-type=\"column\">\n\t\t\t<div class=\"elementor-widget-wrap\">\n\t\t\t\t\t\t\t<\/div>\n\t\t<\/div>\n\t\t\t\t\t<\/div>\n\t\t<\/section>\n\t\t\t\t\t<\/div>\n\t\t<\/div>\n\t\t\t\t\t<\/div>\n\t\t<\/section>\n\t\t\t\t<\/div>\n\t\t","protected":false},"excerpt":{"rendered":"<p>Maximale Performance &amp; spezifisches Know-how Maximale Performance &amp; spezifisches Know-how unsere werte Es ist die pure Leidenschaft f\u00fcrs Fahren, das ewige Streben nach der perfekten Runde, die spannende Herausforderung des Wettbewerbs.Das ist es, was Heep Technology fasziniert, inspiriert und motiviert. Das ist es, wof\u00fcr Heep Technology unerm\u00fcdlich Produkte und Services entwickelt, die maximale Performance, h\u00f6chsten [&hellip;]<\/p>\n","protected":false},"author":1,"featured_media":0,"parent":0,"menu_order":0,"comment_status":"closed","ping_status":"closed","template":"","meta":{"footnotes":""},"class_list":["post-1374","page","type-page","status-publish","hentry"],"_links":{"self":[{"href":"https:\/\/heeptec.com\/en\/wp-json\/wp\/v2\/pages\/1374","targetHints":{"allow":["GET"]}}],"collection":[{"href":"https:\/\/heeptec.com\/en\/wp-json\/wp\/v2\/pages"}],"about":[{"href":"https:\/\/heeptec.com\/en\/wp-json\/wp\/v2\/types\/page"}],"author":[{"embeddable":true,"href":"https:\/\/heeptec.com\/en\/wp-json\/wp\/v2\/users\/1"}],"replies":[{"embeddable":true,"href":"https:\/\/heeptec.com\/en\/wp-json\/wp\/v2\/comments?post=1374"}],"version-history":[{"count":10,"href":"https:\/\/heeptec.com\/en\/wp-json\/wp\/v2\/pages\/1374\/revisions"}],"predecessor-version":[{"id":3479,"href":"https:\/\/heeptec.com\/en\/wp-json\/wp\/v2\/pages\/1374\/revisions\/3479"}],"wp:attachment":[{"href":"https:\/\/heeptec.com\/en\/wp-json\/wp\/v2\/media?parent=1374"}],"curies":[{"name":"wp","href":"https:\/\/api.w.org\/{rel}","templated":true}]}}