{"id":2116,"date":"2023-09-07T10:24:47","date_gmt":"2023-09-07T08:24:47","guid":{"rendered":"https:\/\/heeptec.com\/?page_id=2116"},"modified":"2024-09-28T12:31:40","modified_gmt":"2024-09-28T10:31:40","slug":"lifestyle","status":"publish","type":"page","link":"https:\/\/heeptec.com\/en\/lifestyle\/","title":{"rendered":"Lifestyle"},"content":{"rendered":"<div data-elementor-type=\"wp-page\" data-elementor-id=\"2116\" class=\"elementor elementor-2116\" data-elementor-post-type=\"page\">\n\t\t\t\t\t\t<section class=\"elementor-section elementor-top-section elementor-element elementor-element-dd01a16 elementor-hidden-tablet elementor-hidden-mobile elementor-section-boxed elementor-section-height-default elementor-section-height-default\" data-id=\"dd01a16\" data-element_type=\"section\" data-e-type=\"section\">\n\t\t\t\t\t\t<div class=\"elementor-container elementor-column-gap-default\">\n\t\t\t\t\t<div class=\"elementor-column elementor-col-100 elementor-top-column elementor-element elementor-element-9b9a70e\" data-id=\"9b9a70e\" data-element_type=\"column\" data-e-type=\"column\" data-settings=\"{&quot;background_background&quot;:&quot;classic&quot;}\">\n\t\t\t<div class=\"elementor-widget-wrap elementor-element-populated\">\n\t\t\t\t\t\t<section class=\"elementor-section elementor-inner-section elementor-element elementor-element-1524eea elementor-section-full_width elementor-section-height-default elementor-section-height-default\" data-id=\"1524eea\" data-element_type=\"section\" data-e-type=\"section\">\n\t\t\t\t\t\t<div class=\"elementor-container elementor-column-gap-default\">\n\t\t\t\t\t<div class=\"elementor-column elementor-col-50 elementor-inner-column elementor-element elementor-element-b7a6607\" data-id=\"b7a6607\" data-element_type=\"column\" data-e-type=\"column\">\n\t\t\t<div class=\"elementor-widget-wrap elementor-element-populated\">\n\t\t\t\t\t\t<div class=\"elementor-element elementor-element-d0b3d8e elementor-widget elementor-widget-heading\" data-id=\"d0b3d8e\" data-element_type=\"widget\" data-e-type=\"widget\" data-widget_type=\"heading.default\">\n\t\t\t\t<div class=\"elementor-widget-container\">\n\t\t\t\t\t<h2 class=\"elementor-heading-title elementor-size-default\">Lifestyle<\/h2>\t\t\t\t<\/div>\n\t\t\t\t<\/div>\n\t\t\t\t<div class=\"elementor-element elementor-element-74b3442 elementor-widget elementor-widget-text-editor\" data-id=\"74b3442\" data-element_type=\"widget\" data-e-type=\"widget\" data-widget_type=\"text-editor.default\">\n\t\t\t\t<div class=\"elementor-widget-container\">\n\t\t\t\t\t\t\t\t\t<p>Here you will find everything that makes the heart of a motorsport enthusiast beat faster. Our passion for speed, precision and peak performance has inspired us to create a range of merchandise products that reflect the fascination with racing.<\/p>\t\t\t\t\t\t\t\t<\/div>\n\t\t\t\t<\/div>\n\t\t\t\t\t<\/div>\n\t\t<\/div>\n\t\t\t\t<div class=\"elementor-column elementor-col-50 elementor-inner-column elementor-element elementor-element-6ced999\" data-id=\"6ced999\" data-element_type=\"column\" data-e-type=\"column\">\n\t\t\t<div class=\"elementor-widget-wrap elementor-element-populated\">\n\t\t\t\t\t\t<div class=\"elementor-element elementor-element-38975a4 elementor-absolute elementor-widget elementor-widget-image\" data-id=\"38975a4\" data-element_type=\"widget\" data-e-type=\"widget\" data-settings=\"{&quot;_position&quot;:&quot;absolute&quot;}\" data-widget_type=\"image.default\">\n\t\t\t\t<div class=\"elementor-widget-container\">\n\t\t\t\t\t\t\t\t\t\t\t\t\t\t\t<img fetchpriority=\"high\" decoding=\"async\" width=\"285\" height=\"285\" src=\"https:\/\/heeptec.com\/wp-content\/uploads\/2023\/06\/tshirt.jpg\" class=\"attachment-medium size-medium wp-image-698\" alt=\"\" srcset=\"https:\/\/heeptec.com\/wp-content\/uploads\/2023\/06\/tshirt.jpg 285w, https:\/\/heeptec.com\/wp-content\/uploads\/2023\/06\/tshirt-150x150.jpg 150w, https:\/\/heeptec.com\/wp-content\/uploads\/2023\/06\/tshirt-100x100.jpg 100w\" sizes=\"(max-width: 285px) 100vw, 285px\" \/>\t\t\t\t\t\t\t\t\t\t\t\t\t\t\t<\/div>\n\t\t\t\t<\/div>\n\t\t\t\t<div class=\"elementor-element elementor-element-2488e6e elementor-widget elementor-widget-image\" data-id=\"2488e6e\" data-element_type=\"widget\" data-e-type=\"widget\" data-widget_type=\"image.default\">\n\t\t\t\t<div class=\"elementor-widget-container\">\n\t\t\t\t\t\t\t\t\t\t\t\t\t\t\t<img decoding=\"async\" width=\"320\" height=\"390\" src=\"https:\/\/heeptec.com\/wp-content\/uploads\/2023\/09\/engineering_mobile.jpg\" class=\"attachment-large size-large wp-image-2366\" alt=\"\" srcset=\"https:\/\/heeptec.com\/wp-content\/uploads\/2023\/09\/engineering_mobile.jpg 320w, https:\/\/heeptec.com\/wp-content\/uploads\/2023\/09\/engineering_mobile-246x300.jpg 246w\" sizes=\"(max-width: 320px) 100vw, 320px\" \/>\t\t\t\t\t\t\t\t\t\t\t\t\t\t\t<\/div>\n\t\t\t\t<\/div>\n\t\t\t\t\t<\/div>\n\t\t<\/div>\n\t\t\t\t\t<\/div>\n\t\t<\/section>\n\t\t\t\t\t<\/div>\n\t\t<\/div>\n\t\t\t\t\t<\/div>\n\t\t<\/section>\n\t\t\t\t<section class=\"elementor-section elementor-top-section elementor-element elementor-element-499aff2 elementor-hidden-desktop elementor-section-boxed elementor-section-height-default elementor-section-height-default\" data-id=\"499aff2\" data-element_type=\"section\" data-e-type=\"section\">\n\t\t\t\t\t\t<div class=\"elementor-container elementor-column-gap-default\">\n\t\t\t\t\t<div class=\"elementor-column elementor-col-100 elementor-top-column elementor-element elementor-element-1241995\" data-id=\"1241995\" data-element_type=\"column\" data-e-type=\"column\" data-settings=\"{&quot;background_background&quot;:&quot;classic&quot;}\">\n\t\t\t<div class=\"elementor-widget-wrap elementor-element-populated\">\n\t\t\t\t\t\t<section class=\"elementor-section elementor-inner-section elementor-element elementor-element-0d1ce4a elementor-section-full_width elementor-section-height-default elementor-section-height-default\" data-id=\"0d1ce4a\" data-element_type=\"section\" data-e-type=\"section\">\n\t\t\t\t\t\t<div class=\"elementor-container elementor-column-gap-default\">\n\t\t\t\t\t<div class=\"elementor-column elementor-col-50 elementor-inner-column elementor-element elementor-element-1c9a060\" data-id=\"1c9a060\" data-element_type=\"column\" data-e-type=\"column\">\n\t\t\t<div class=\"elementor-widget-wrap elementor-element-populated\">\n\t\t\t\t\t\t<div class=\"elementor-element elementor-element-39cf2a5 elementor-widget elementor-widget-heading\" data-id=\"39cf2a5\" data-element_type=\"widget\" data-e-type=\"widget\" data-widget_type=\"heading.default\">\n\t\t\t\t<div class=\"elementor-widget-container\">\n\t\t\t\t\t<h2 class=\"elementor-heading-title elementor-size-default\">Lifestyle<\/h2>\t\t\t\t<\/div>\n\t\t\t\t<\/div>\n\t\t\t\t<div class=\"elementor-element elementor-element-b73a532 elementor-widget elementor-widget-text-editor\" data-id=\"b73a532\" data-element_type=\"widget\" data-e-type=\"widget\" data-widget_type=\"text-editor.default\">\n\t\t\t\t<div class=\"elementor-widget-container\">\n\t\t\t\t\t\t\t\t\t<p>Here you will find everything that makes the heart of a motorsport enthusiast beat faster. Our passion for speed, precision and peak performance has inspired us to create a range of merchandise products that reflect the fascination with racing.<\/p>\t\t\t\t\t\t\t\t<\/div>\n\t\t\t\t<\/div>\n\t\t\t\t\t<\/div>\n\t\t<\/div>\n\t\t\t\t<div class=\"elementor-column elementor-col-50 elementor-inner-column elementor-element elementor-element-3a5a116 elementor-hidden-mobile\" data-id=\"3a5a116\" data-element_type=\"column\" data-e-type=\"column\">\n\t\t\t<div class=\"elementor-widget-wrap elementor-element-populated\">\n\t\t\t\t\t\t<div class=\"elementor-element elementor-element-5fe8f35 elementor-widget elementor-widget-image\" data-id=\"5fe8f35\" data-element_type=\"widget\" data-e-type=\"widget\" data-widget_type=\"image.default\">\n\t\t\t\t<div class=\"elementor-widget-container\">\n\t\t\t\t\t\t\t\t\t\t\t\t\t\t\t<img decoding=\"async\" width=\"285\" height=\"285\" src=\"https:\/\/heeptec.com\/wp-content\/uploads\/2023\/06\/cap.jpg\" class=\"attachment-medium_large size-medium_large wp-image-699\" alt=\"\" srcset=\"https:\/\/heeptec.com\/wp-content\/uploads\/2023\/06\/cap.jpg 285w, https:\/\/heeptec.com\/wp-content\/uploads\/2023\/06\/cap-150x150.jpg 150w, https:\/\/heeptec.com\/wp-content\/uploads\/2023\/06\/cap-100x100.jpg 100w\" sizes=\"(max-width: 285px) 100vw, 285px\" \/>\t\t\t\t\t\t\t\t\t\t\t\t\t\t\t<\/div>\n\t\t\t\t<\/div>\n\t\t\t\t\t<\/div>\n\t\t<\/div>\n\t\t\t\t\t<\/div>\n\t\t<\/section>\n\t\t\t\t\t<\/div>\n\t\t<\/div>\n\t\t\t\t\t<\/div>\n\t\t<\/section>\n\t\t\t\t<section class=\"elementor-section elementor-top-section elementor-element elementor-element-36b1033 elementor-section-boxed elementor-section-height-default elementor-section-height-default\" data-id=\"36b1033\" data-element_type=\"section\" data-e-type=\"section\">\n\t\t\t\t\t\t<div class=\"elementor-container elementor-column-gap-default\">\n\t\t\t\t\t<div class=\"elementor-column elementor-col-100 elementor-top-column elementor-element elementor-element-9bfb6a2\" data-id=\"9bfb6a2\" data-element_type=\"column\" data-e-type=\"column\">\n\t\t\t<div class=\"elementor-widget-wrap elementor-element-populated\">\n\t\t\t\t\t\t<div class=\"elementor-element elementor-element-74fad3b elementor-grid-mobile-1 elementor-grid-4 elementor-grid-tablet-3 elementor-products-grid elementor-wc-products elementor-show-pagination-border-yes elementor-widget elementor-widget-woocommerce-products\" data-id=\"74fad3b\" data-element_type=\"widget\" data-e-type=\"widget\" data-widget_type=\"woocommerce-products.default\">\n\t\t\t\t<div class=\"elementor-widget-container\">\n\t\t\t\t\t<div class=\"woocommerce columns-4\"><div class=\"woocommerce-notices-wrapper\"><\/div><ul class=\"products elementor-grid columns-4\">\n<li class=\"product type-product post-704 status-publish first instock product_cat-lifestyle has-post-thumbnail taxable shipping-taxable purchasable product-type-simple\">\n\t<a href=\"https:\/\/heeptec.com\/en\/product\/cap\/\" class=\"woocommerce-LoopProduct-link woocommerce-loop-product__link\"><img loading=\"lazy\" decoding=\"async\" width=\"300\" height=\"300\" src=\"https:\/\/heeptec.com\/wp-content\/uploads\/2024\/11\/20241104_Lifestyle_Cap_Iso1-300x300.jpg\" class=\"attachment-woocommerce_thumbnail size-woocommerce_thumbnail\" alt=\"Cap &#039;Logo&#039;\" srcset=\"https:\/\/heeptec.com\/wp-content\/uploads\/2024\/11\/20241104_Lifestyle_Cap_Iso1-300x300.jpg 300w, https:\/\/heeptec.com\/wp-content\/uploads\/2024\/11\/20241104_Lifestyle_Cap_Iso1-1024x1024.jpg 1024w, https:\/\/heeptec.com\/wp-content\/uploads\/2024\/11\/20241104_Lifestyle_Cap_Iso1-150x150.jpg 150w, https:\/\/heeptec.com\/wp-content\/uploads\/2024\/11\/20241104_Lifestyle_Cap_Iso1-768x768.jpg 768w, https:\/\/heeptec.com\/wp-content\/uploads\/2024\/11\/20241104_Lifestyle_Cap_Iso1-1536x1536.jpg 1536w, https:\/\/heeptec.com\/wp-content\/uploads\/2024\/11\/20241104_Lifestyle_Cap_Iso1-2048x2048.jpg 2048w, https:\/\/heeptec.com\/wp-content\/uploads\/2024\/11\/20241104_Lifestyle_Cap_Iso1-12x12.jpg 12w, https:\/\/heeptec.com\/wp-content\/uploads\/2024\/11\/20241104_Lifestyle_Cap_Iso1-600x600.jpg 600w, https:\/\/heeptec.com\/wp-content\/uploads\/2024\/11\/20241104_Lifestyle_Cap_Iso1-100x100.jpg 100w\" sizes=\"(max-width: 300px) 100vw, 300px\" \/><h2 class=\"woocommerce-loop-product__title\">Cap &#8216;Logo&#8217;<\/h2>\n\t<span class=\"price\"><span class=\"woocommerce-Price-amount amount\"><bdi><span class=\"woocommerce-Price-currencySymbol\">&euro;<\/span>&nbsp;37,00<\/bdi><\/span> <small class=\"woocommerce-price-suffix\">incl. VAT, plus shipping<\/small><\/span>\n<\/a><div class=\"woocommerce-loop-product__buttons\"><a href=\"\/en\/wp-json\/wp\/v2\/pages\/2116?add-to-cart=704\" aria-describedby=\"woocommerce_loop_add_to_cart_link_describedby_704\" data-quantity=\"1\" class=\"button product_type_simple add_to_cart_button ajax_add_to_cart\" data-product_id=\"704\" data-product_sku=\"MERCH-0002\" aria-label=\"In den Warenkorb legen: \u201eCap &#039;Logo&#039;\u201c\" rel=\"nofollow\" data-success_message=\"\u201cCap &#039;Logo&#039;\u201d has been added to your cart\" role=\"button\" data-no-translation=\"\" data-trp-gettext=\"\" data-no-translation-aria-label=\"\" data-no-translation-data-success_message=\"\">Add to cart<\/a><\/div>\t<span id=\"woocommerce_loop_add_to_cart_link_describedby_704\" class=\"screen-reader-text\">\n\t\t\t<\/span>\n<\/li>\n<li class=\"product type-product post-697 status-publish instock product_cat-lifestyle has-post-thumbnail taxable shipping-taxable purchasable product-type-variable\">\n\t<a href=\"https:\/\/heeptec.com\/en\/product\/t-shirt\/\" class=\"woocommerce-LoopProduct-link woocommerce-loop-product__link\"><img loading=\"lazy\" decoding=\"async\" width=\"300\" height=\"300\" src=\"https:\/\/heeptec.com\/wp-content\/uploads\/2024\/11\/20241104_Lifestyle_TShirt_Iso1-300x300.jpg\" class=\"attachment-woocommerce_thumbnail size-woocommerce_thumbnail\" alt=\"T-Shirt &#039;Logo&#039;\" srcset=\"https:\/\/heeptec.com\/wp-content\/uploads\/2024\/11\/20241104_Lifestyle_TShirt_Iso1-300x300.jpg 300w, https:\/\/heeptec.com\/wp-content\/uploads\/2024\/11\/20241104_Lifestyle_TShirt_Iso1-1024x1024.jpg 1024w, https:\/\/heeptec.com\/wp-content\/uploads\/2024\/11\/20241104_Lifestyle_TShirt_Iso1-150x150.jpg 150w, https:\/\/heeptec.com\/wp-content\/uploads\/2024\/11\/20241104_Lifestyle_TShirt_Iso1-768x768.jpg 768w, https:\/\/heeptec.com\/wp-content\/uploads\/2024\/11\/20241104_Lifestyle_TShirt_Iso1-1536x1536.jpg 1536w, https:\/\/heeptec.com\/wp-content\/uploads\/2024\/11\/20241104_Lifestyle_TShirt_Iso1-2048x2048.jpg 2048w, https:\/\/heeptec.com\/wp-content\/uploads\/2024\/11\/20241104_Lifestyle_TShirt_Iso1-12x12.jpg 12w, https:\/\/heeptec.com\/wp-content\/uploads\/2024\/11\/20241104_Lifestyle_TShirt_Iso1-600x600.jpg 600w, https:\/\/heeptec.com\/wp-content\/uploads\/2024\/11\/20241104_Lifestyle_TShirt_Iso1-100x100.jpg 100w\" sizes=\"(max-width: 300px) 100vw, 300px\" \/><h2 class=\"woocommerce-loop-product__title\">T-Shirt &#8216;Logo&#8217;<\/h2>\n\t<span class=\"price\"><span class=\"woocommerce-Price-amount amount\"><bdi><span class=\"woocommerce-Price-currencySymbol\">&euro;<\/span>&nbsp;35,00<\/bdi><\/span> <small class=\"woocommerce-price-suffix\">incl. VAT, plus shipping<\/small><\/span>\n<\/a><div class=\"woocommerce-loop-product__buttons\"><a href=\"https:\/\/heeptec.com\/en\/product\/t-shirt\/\" aria-describedby=\"woocommerce_loop_add_to_cart_link_describedby_697\" data-quantity=\"1\" class=\"button product_type_variable add_to_cart_button\" data-product_id=\"697\" data-product_sku=\"MERCH-0001\" aria-label=\"Select option for \u201eT-Shirt &#039;Logo&#039;\u201c\" rel=\"nofollow\" data-no-translation=\"\" data-trp-gettext=\"\" data-no-translation-aria-label=\"\">Select option<\/a><\/div>\t<span id=\"woocommerce_loop_add_to_cart_link_describedby_697\" class=\"screen-reader-text\">\n\t\tDieses Produkt weist mehrere Varianten auf. Die Optionen k\u00f6nnen auf der Produktseite gew\u00e4hlt werden\t<\/span>\n<\/li>\n<\/ul>\n<\/div>\t\t\t\t<\/div>\n\t\t\t\t<\/div>\n\t\t\t\t\t<\/div>\n\t\t<\/div>\n\t\t\t\t\t<\/div>\n\t\t<\/section>\n\t\t\t\t<\/div>","protected":false},"excerpt":{"rendered":"<p>Lifestyle Hier findest du alles, was das Herz eines Motorsport-Enthusiasten h\u00f6her schlagen l\u00e4sst. Unsere Leidenschaft f\u00fcr Geschwindigkeit, Pr\u00e4zision und h\u00f6chste Leistung hat uns dazu inspiriert, eine Auswahl an Merchandise-Produkten zu kreieren, die die Faszination f\u00fcr den Rennsport widerspiegeln. Lifestyle Hier findest du alles, was das Herz eines Motorsport-Enthusiasten h\u00f6her schlagen l\u00e4sst. Unsere Leidenschaft f\u00fcr Geschwindigkeit, [&hellip;]<\/p>\n","protected":false},"author":1,"featured_media":0,"parent":0,"menu_order":0,"comment_status":"closed","ping_status":"closed","template":"","meta":{"footnotes":""},"class_list":["post-2116","page","type-page","status-publish","hentry"],"_links":{"self":[{"href":"https:\/\/heeptec.com\/en\/wp-json\/wp\/v2\/pages\/2116","targetHints":{"allow":["GET"]}}],"collection":[{"href":"https:\/\/heeptec.com\/en\/wp-json\/wp\/v2\/pages"}],"about":[{"href":"https:\/\/heeptec.com\/en\/wp-json\/wp\/v2\/types\/page"}],"author":[{"embeddable":true,"href":"https:\/\/heeptec.com\/en\/wp-json\/wp\/v2\/users\/1"}],"replies":[{"embeddable":true,"href":"https:\/\/heeptec.com\/en\/wp-json\/wp\/v2\/comments?post=2116"}],"version-history":[{"count":10,"href":"https:\/\/heeptec.com\/en\/wp-json\/wp\/v2\/pages\/2116\/revisions"}],"predecessor-version":[{"id":3237,"href":"https:\/\/heeptec.com\/en\/wp-json\/wp\/v2\/pages\/2116\/revisions\/3237"}],"wp:attachment":[{"href":"https:\/\/heeptec.com\/en\/wp-json\/wp\/v2\/media?parent=2116"}],"curies":[{"name":"wp","href":"https:\/\/api.w.org\/{rel}","templated":true}]}}