{"id":316,"date":"2023-06-25T17:23:35","date_gmt":"2023-06-25T15:23:35","guid":{"rendered":"https:\/\/heeptec.com\/?page_id=316"},"modified":"2025-01-11T20:45:54","modified_gmt":"2025-01-11T19:45:54","slug":"impressum","status":"publish","type":"page","link":"https:\/\/heeptec.com\/en\/impressum\/","title":{"rendered":"Legal"},"content":{"rendered":"<div data-elementor-type=\"wp-page\" data-elementor-id=\"316\" class=\"elementor elementor-316\" data-elementor-post-type=\"page\">\n\t\t\t\t\t\t<section class=\"elementor-section elementor-top-section elementor-element elementor-element-5d257fd elementor-section-boxed elementor-section-height-default elementor-section-height-default\" data-id=\"5d257fd\" data-element_type=\"section\" data-e-type=\"section\">\n\t\t\t\t\t\t<div class=\"elementor-container elementor-column-gap-default\">\n\t\t\t\t\t<div class=\"elementor-column elementor-col-100 elementor-top-column elementor-element elementor-element-900cac5\" data-id=\"900cac5\" data-element_type=\"column\" data-e-type=\"column\">\n\t\t\t<div class=\"elementor-widget-wrap elementor-element-populated\">\n\t\t\t\t\t\t<div class=\"elementor-element elementor-element-7b8f9e6 elementor-widget elementor-widget-heading\" data-id=\"7b8f9e6\" data-element_type=\"widget\" data-e-type=\"widget\" data-widget_type=\"heading.default\">\n\t\t\t\t<div class=\"elementor-widget-container\">\n\t\t\t\t\t<h2 class=\"elementor-heading-title elementor-size-default\">Legal<\/h2>\t\t\t\t<\/div>\n\t\t\t\t<\/div>\n\t\t\t\t<div class=\"elementor-element elementor-element-2cda6bc elementor-widget elementor-widget-text-editor\" data-id=\"2cda6bc\" data-element_type=\"widget\" data-e-type=\"widget\" data-widget_type=\"text-editor.default\">\n\t\t\t\t<div class=\"elementor-widget-container\">\n\t\t\t\t\t\t\t\t\t<p>Obligation to provide information in accordance with Section 5 of the E-Commerce Act, Section 14 of the Corporate Code, Section 63 of the Trade Code and the obligation to disclose in accordance with Section 25 of the Media Act.<\/p><p>Heep Technology<br \/>Dipl.-Ing. Horst Emathinger<br \/>Grasbergerstra\u00dfe 41\/8<br \/>8020 Graz, Austria<br \/>+43\u00a0650 5176301<br \/><a href=\"mailto:office@heeptec.com\">office@heeptec.com<\/a><\/p><p><strong>VAT ID:<\/strong> ATU81445027<strong><br \/>Object of the company:<\/strong> Automotive technology<\/p><p><strong>Member of:<\/strong> WKO Steiermark, Landesinnung Fahrzeugtechnik<br \/><strong>Professional law:<\/strong> Trade regulations <a href=\"http:\/\/www.ris.bka.gv.at\">www.ris.bka.gv.at<\/a><br \/><strong>Supervisory authority\/trade authority:<\/strong> Magistrat der Stadt Graz<br \/><strong>Commercial wording:<\/strong> Automotive technology combined with body construction and body painting technicians (related trades)<br \/><strong>Awarding state:<\/strong> Austria<\/p><h3>EU dispute resolution<\/h3><p>In accordance with the Ordinance on Online Dispute Resolution in Consumer Matters (ODR Ordinance), we would like to inform you about the online dispute resolution platform (OS platform).<br \/>Consumers have the opportunity to submit complaints to the European Commission's online dispute resolution platform <a href=\"http:\/\/ec.europa.eu\/odr\">http:\/\/ec.europa.eu\/odr<\/a> to direct. You can find the necessary contact details above in our legal notice.<\/p><p>However, we would like to point out that we are not willing or obliged to take part in dispute resolution proceedings before a consumer arbitration board.<\/p><h3>Liability for the content of this website<\/h3><p>We are constantly developing the contents of this website and strive to provide correct and up-to-date information. Unfortunately, we cannot accept any liability for the accuracy of all content on this website, particularly that provided by third parties. As a service provider, we are not obliged to monitor the information you transmit or store or to investigate circumstances that indicate illegal activity.<\/p><p>Our obligations to remove information or to block the use of information in accordance with general laws due to court or official orders remain unaffected, even if we are not responsible.<\/p><p>If you notice problematic or illegal content, please contact us immediately so that we can remove the illegal content. You can find the contact details in the legal notice.<\/p><h3>Liability for links on this website<\/h3><p>Our website contains links to other websites for whose content we are not responsible. We have no liability for linked websites because we had and have no knowledge of illegal activities, we have not noticed any such illegal activities so far and we would remove links immediately if we became aware of any illegal activities.<\/p><p>If you notice any illegal links on our website, please contact us. You can find the contact details in the legal notice.<\/p><h3>Copyright notice<\/h3><p>All content on this website (images, photos, texts, videos) is subject to copyright. Please ask us before you distribute, reproduce or exploit the contents of this website, such as republishing them on other websites. If necessary, we will take legal action against unauthorized use of parts of the content on our site.<\/p><p>If you find content on this website that violates copyright, please contact us.<\/p><h3>Image credits<\/h3><p>The images, photos and graphics on this website may be protected by copyright.<\/p><p>The image rights belong to the following photographers and\/or companies:<\/p><ul><li>Alex Inkil\u00e4inen<\/li><li>Jacob Moore<\/li><li>Olga Nayda<\/li><li>Wesley Bacon<\/li><\/ul><p>All texts are copyrighted.<\/p>\t\t\t\t\t\t\t\t<\/div>\n\t\t\t\t<\/div>\n\t\t\t\t\t<\/div>\n\t\t<\/div>\n\t\t\t\t\t<\/div>\n\t\t<\/section>\n\t\t\t\t<\/div>","protected":false},"excerpt":{"rendered":"<p>Impressum Informationspflicht laut \u00a75 E-Commerce Gesetz, \u00a714 Unternehmensgesetzbuch, \u00a763 Gewerbeordnung und Offenlegungspflicht laut \u00a725 Mediengesetz. Heep TechnologyDipl.-Ing. Horst EmathingerGrasbergerstra\u00dfe 41\/88020 Graz, Austria+43\u00a0650 5176301office@heeptec.com UID: ATU81445027Unternehmensgegenstand: Kraftfahrzeugtechnik Mitglied bei: WKO Steiermark, Landesinnung FahrzeugtechnikBerufsrecht: Gewerbeordnung www.ris.bka.gv.atAufsichtsbeh\u00f6rde\/Gewerbebeh\u00f6rde: Magistrat der Stadt GrazGewerbewortlaut: Kraftfahrzeugtechnik verbunden mit Karosseriebau- und Karosserielackiertechniker (verbundenes Handwerk)Verleihungsstaat: \u00d6sterreich EU-Streitschlichtung Gem\u00e4\u00df Verordnung \u00fcber Online-Streitbeilegung in Verbraucherangelegenheiten (ODR-Verordnung) [&hellip;]<\/p>\n","protected":false},"author":1,"featured_media":0,"parent":0,"menu_order":0,"comment_status":"closed","ping_status":"closed","template":"","meta":{"footnotes":""},"class_list":["post-316","page","type-page","status-publish","hentry"],"_links":{"self":[{"href":"https:\/\/heeptec.com\/en\/wp-json\/wp\/v2\/pages\/316","targetHints":{"allow":["GET"]}}],"collection":[{"href":"https:\/\/heeptec.com\/en\/wp-json\/wp\/v2\/pages"}],"about":[{"href":"https:\/\/heeptec.com\/en\/wp-json\/wp\/v2\/types\/page"}],"author":[{"embeddable":true,"href":"https:\/\/heeptec.com\/en\/wp-json\/wp\/v2\/users\/1"}],"replies":[{"embeddable":true,"href":"https:\/\/heeptec.com\/en\/wp-json\/wp\/v2\/comments?post=316"}],"version-history":[{"count":4,"href":"https:\/\/heeptec.com\/en\/wp-json\/wp\/v2\/pages\/316\/revisions"}],"predecessor-version":[{"id":3799,"href":"https:\/\/heeptec.com\/en\/wp-json\/wp\/v2\/pages\/316\/revisions\/3799"}],"wp:attachment":[{"href":"https:\/\/heeptec.com\/en\/wp-json\/wp\/v2\/media?parent=316"}],"curies":[{"name":"wp","href":"https:\/\/api.w.org\/{rel}","templated":true}]}}